{"id":226,"date":"2020-06-03T18:18:49","date_gmt":"2020-06-03T16:18:49","guid":{"rendered":"https:\/\/lafermedepierre.fr\/?page_id=226"},"modified":"2020-06-03T18:42:53","modified_gmt":"2020-06-03T16:42:53","slug":"la-salle-de-jeu","status":"publish","type":"page","link":"https:\/\/lafermedepierre.fr\/index.php\/la-salle-de-jeu\/","title":{"rendered":"La salle de jeu"},"content":{"rendered":"<div class=\"container section-title-container\" ><h2 class=\"section-title section-title-center\"><b><\/b><span class=\"section-title-main\" >la salle de jeux<\/span><b><\/b><\/h2><\/div><!-- .section-title -->\n<div class=\"row\"  id=\"row-540515440\">\n<div class=\"col medium-6 small-12 large-6\"  ><div class=\"col-inner\"  >\n\t<div class=\"img has-hover x md-x lg-x y md-y lg-y\" id=\"image_1276735283\">\n\t\t\t\t\t\t\t\t<div class=\"img-inner dark\" >\n\t\t\t<img width=\"1020\" height=\"680\" src=\"https:\/\/lafermedepierre.fr\/wp-content\/uploads\/2018\/06\/cidrerie_la_ferme_de_pierre-1024x683.jpg\" class=\"attachment-large size-large\" alt=\"\" loading=\"lazy\" srcset=\"https:\/\/lafermedepierre.fr\/wp-content\/uploads\/2018\/06\/cidrerie_la_ferme_de_pierre-1024x683.jpg 1024w, https:\/\/lafermedepierre.fr\/wp-content\/uploads\/2018\/06\/cidrerie_la_ferme_de_pierre-300x200.jpg 300w, https:\/\/lafermedepierre.fr\/wp-content\/uploads\/2018\/06\/cidrerie_la_ferme_de_pierre-768x512.jpg 768w, https:\/\/lafermedepierre.fr\/wp-content\/uploads\/2018\/06\/cidrerie_la_ferme_de_pierre-600x400.jpg 600w, https:\/\/lafermedepierre.fr\/wp-content\/uploads\/2018\/06\/cidrerie_la_ferme_de_pierre.jpg 1200w\" sizes=\"(max-width: 1020px) 100vw, 1020px\" \/>\t\t\t\t\t\t\n\t\t\t\t\t<\/div>\n\t\t\t\t\t\t\t\t\n<style scope=\"scope\">\n\n#image_1276735283 {\n  width: 100%;\n}\n<\/style>\n\t<\/div>\n\t\n<\/div><\/div>\n<div class=\"col medium-6 small-12 large-6\"  ><div class=\"col-inner\" style=\"padding:20px 0px 0px 0px;\" >\n<p>L&#8217;ancienne cidrerie est am\u00e9nag\u00e9e en r\u00e9ception au rez-de-chauss\u00e9e, et \u00e0 l&#8217;\u00e9tage&#8230;se trouve un petit paradis pour les enfants, mais aussi pour les grands enfants !<\/p>\n<p>Tout un espace de combles am\u00e9nag\u00e9es en une grande et belle salle de jeu. vous y trouverez des espaces pour s&#8217;installer et dessiner, lire, jouer de la guitare, faire la sieste dans le hamac&#8230;<\/p>\n<p>Et surtout, profiter du baby foot, du billard, de la table de ping pong, du jeu de fl\u00e9chettes, lors de soir\u00e9es jeux entre grands et petits, lors de (tr\u00e8s rares) journ\u00e9e de pluie, ou tout simplement pour le plaisir de venir s&#8217;amuser en attendant le repas ou apr\u00e8s une bonne randonn\u00e9e.<\/p>\n<\/div><\/div>\n<\/div>\n<p style=\"text-align: center;\">Cliquez sur les vignettes pour les agrandir !<\/p>\n  <div class=\"banner-grid-wrapper\">\n  <div id=\"banner-grid-674102122\" class=\"banner-grid row row-grid row-small\" data-packery-options=\"\">\n                      \n<div class=\"col grid-col large-6 grid-col-2-3\" ><div class=\"col-inner\">\n\t<div class=\"img has-hover x md-x lg-x y md-y lg-y\" id=\"image_1233455965\">\n\t\t<a class=\"image-lightbox lightbox-gallery\" href=\"https:\/\/lafermedepierre.fr\/wp-content\/uploads\/2020\/06\/salle-de-jeu-baby-foot.jpg\" title=\"\">\t\t\t\t\t\t<div class=\"img-inner dark\" >\n\t\t\t<img width=\"1000\" height=\"750\" src=\"https:\/\/lafermedepierre.fr\/wp-content\/uploads\/2020\/06\/salle-de-jeu-baby-foot.jpg\" class=\"attachment-large size-large\" alt=\"\" loading=\"lazy\" srcset=\"https:\/\/lafermedepierre.fr\/wp-content\/uploads\/2020\/06\/salle-de-jeu-baby-foot.jpg 1000w, https:\/\/lafermedepierre.fr\/wp-content\/uploads\/2020\/06\/salle-de-jeu-baby-foot-300x225.jpg 300w, https:\/\/lafermedepierre.fr\/wp-content\/uploads\/2020\/06\/salle-de-jeu-baby-foot-768x576.jpg 768w, https:\/\/lafermedepierre.fr\/wp-content\/uploads\/2020\/06\/salle-de-jeu-baby-foot-600x450.jpg 600w\" sizes=\"(max-width: 1000px) 100vw, 1000px\" \/>\t\t\t\t\t\t\n\t\t\t\t\t<\/div>\n\t\t\t\t\t\t<\/a>\t\t\n<style scope=\"scope\">\n\n#image_1233455965 {\n  width: 100%;\n}\n<\/style>\n\t<\/div>\n\t\n<\/div><\/div>\n<div class=\"col grid-col large-6 grid-col-1-2\" ><div class=\"col-inner\">\n\t<div class=\"img has-hover x md-x lg-x y md-y lg-y\" id=\"image_778352932\">\n\t\t<a class=\"image-lightbox lightbox-gallery\" href=\"https:\/\/lafermedepierre.fr\/wp-content\/uploads\/2020\/06\/salle-de-jeu-ping-pong.jpg\" title=\"\">\t\t\t\t\t\t<div class=\"img-inner dark\" >\n\t\t\t<img width=\"1000\" height=\"750\" src=\"https:\/\/lafermedepierre.fr\/wp-content\/uploads\/2020\/06\/salle-de-jeu-ping-pong.jpg\" class=\"attachment-large size-large\" alt=\"\" loading=\"lazy\" srcset=\"https:\/\/lafermedepierre.fr\/wp-content\/uploads\/2020\/06\/salle-de-jeu-ping-pong.jpg 1000w, https:\/\/lafermedepierre.fr\/wp-content\/uploads\/2020\/06\/salle-de-jeu-ping-pong-300x225.jpg 300w, https:\/\/lafermedepierre.fr\/wp-content\/uploads\/2020\/06\/salle-de-jeu-ping-pong-768x576.jpg 768w, https:\/\/lafermedepierre.fr\/wp-content\/uploads\/2020\/06\/salle-de-jeu-ping-pong-600x450.jpg 600w\" sizes=\"(max-width: 1000px) 100vw, 1000px\" \/>\t\t\t\t\t\t\n\t\t\t\t\t<\/div>\n\t\t\t\t\t\t<\/a>\t\t\n<style scope=\"scope\">\n\n#image_778352932 {\n  width: 100%;\n}\n<\/style>\n\t<\/div>\n\t\n<\/div><\/div>\n<div class=\"col grid-col large-3 grid-col-2-3\" ><div class=\"col-inner\">\n\t<div class=\"img has-hover x md-x lg-x y md-y lg-y\" id=\"image_1341193661\">\n\t\t<a class=\"image-lightbox lightbox-gallery\" href=\"https:\/\/lafermedepierre.fr\/wp-content\/uploads\/2020\/06\/salle-de-jeu-flechettes.jpg\" title=\"\">\t\t\t\t\t\t<div class=\"img-inner dark\" >\n\t\t\t<img width=\"750\" height=\"1000\" src=\"https:\/\/lafermedepierre.fr\/wp-content\/uploads\/2020\/06\/salle-de-jeu-flechettes.jpg\" class=\"attachment-large size-large\" alt=\"\" loading=\"lazy\" srcset=\"https:\/\/lafermedepierre.fr\/wp-content\/uploads\/2020\/06\/salle-de-jeu-flechettes.jpg 750w, https:\/\/lafermedepierre.fr\/wp-content\/uploads\/2020\/06\/salle-de-jeu-flechettes-225x300.jpg 225w, https:\/\/lafermedepierre.fr\/wp-content\/uploads\/2020\/06\/salle-de-jeu-flechettes-600x800.jpg 600w\" sizes=\"(max-width: 750px) 100vw, 750px\" \/>\t\t\t\t\t\t\n\t\t\t\t\t<\/div>\n\t\t\t\t\t\t<\/a>\t\t\n<style scope=\"scope\">\n\n#image_1341193661 {\n  width: 100%;\n}\n<\/style>\n\t<\/div>\n\t\n<\/div><\/div>\n<div class=\"col grid-col large-3 grid-col-2-3\" ><div class=\"col-inner\">\n\t<div class=\"img has-hover x md-x lg-x y md-y lg-y\" id=\"image_1996097405\">\n\t\t<a class=\"image-lightbox lightbox-gallery\" href=\"https:\/\/lafermedepierre.fr\/wp-content\/uploads\/2020\/06\/salle-de-jeu-billard.jpg\" title=\"\">\t\t\t\t\t\t<div class=\"img-inner dark\" >\n\t\t\t<img width=\"750\" height=\"1000\" src=\"https:\/\/lafermedepierre.fr\/wp-content\/uploads\/2020\/06\/salle-de-jeu-billard.jpg\" class=\"attachment-large size-large\" alt=\"\" loading=\"lazy\" srcset=\"https:\/\/lafermedepierre.fr\/wp-content\/uploads\/2020\/06\/salle-de-jeu-billard.jpg 750w, https:\/\/lafermedepierre.fr\/wp-content\/uploads\/2020\/06\/salle-de-jeu-billard-225x300.jpg 225w, https:\/\/lafermedepierre.fr\/wp-content\/uploads\/2020\/06\/salle-de-jeu-billard-600x800.jpg 600w\" sizes=\"(max-width: 750px) 100vw, 750px\" \/>\t\t\t\t\t\t\n\t\t\t\t\t<\/div>\n\t\t\t\t\t\t<\/a>\t\t\n<style scope=\"scope\">\n\n#image_1996097405 {\n  width: 100%;\n}\n<\/style>\n\t<\/div>\n\t\n<\/div><\/div>\n<div class=\"col grid-col large-6 grid-col-1-2\" ><div class=\"col-inner\">\n\t<div class=\"img has-hover x md-x lg-x y md-y lg-y\" id=\"image_842440217\">\n\t\t<a class=\"image-lightbox lightbox-gallery\" href=\"https:\/\/lafermedepierre.fr\/wp-content\/uploads\/2020\/06\/salle-de-jeu-hamac.jpg\" title=\"\">\t\t\t\t\t\t<div class=\"img-inner dark\" style=\"margin:0px 0px px 0px;\">\n\t\t\t<img width=\"1000\" height=\"750\" src=\"https:\/\/lafermedepierre.fr\/wp-content\/uploads\/2020\/06\/salle-de-jeu-hamac.jpg\" class=\"attachment-large size-large\" alt=\"\" loading=\"lazy\" srcset=\"https:\/\/lafermedepierre.fr\/wp-content\/uploads\/2020\/06\/salle-de-jeu-hamac.jpg 1000w, https:\/\/lafermedepierre.fr\/wp-content\/uploads\/2020\/06\/salle-de-jeu-hamac-300x225.jpg 300w, https:\/\/lafermedepierre.fr\/wp-content\/uploads\/2020\/06\/salle-de-jeu-hamac-768x576.jpg 768w, https:\/\/lafermedepierre.fr\/wp-content\/uploads\/2020\/06\/salle-de-jeu-hamac-600x450.jpg 600w\" sizes=\"(max-width: 1000px) 100vw, 1000px\" \/>\t\t\t\t\t\t\n\t\t\t\t\t<\/div>\n\t\t\t\t\t\t<\/a>\t\t\n<style scope=\"scope\">\n\n#image_842440217 {\n  width: 100%;\n}\n<\/style>\n\t<\/div>\n\t\n<\/div><\/div>\n            <\/div><!-- .banner-grid .row .grid -->\n    <style scope=\"scope\">\n    #banner-grid-674102122 .grid-col-1{height: 600px}\n    #banner-grid-674102122 .grid-col-1-2{height: 300px}\n    #banner-grid-674102122 .grid-col-1-3{height:200px}\n    #banner-grid-674102122 .grid-col-2-3{height: 400px}\n    #banner-grid-674102122 .grid-col-1-4{height: 150px}\n    #banner-grid-674102122 .grid-col-3-4{height: 450px}\n\n\n    \n    \n\n  <\/style>\n    <\/div><!-- .banner-grid-wrapper -->\n  \n","protected":false},"excerpt":{"rendered":"<p>Cliquez sur les vignettes pour les agrandir !<\/p>\n","protected":false},"author":2,"featured_media":0,"parent":0,"menu_order":0,"comment_status":"closed","ping_status":"closed","template":"","meta":[],"_links":{"self":[{"href":"https:\/\/lafermedepierre.fr\/index.php\/wp-json\/wp\/v2\/pages\/226"}],"collection":[{"href":"https:\/\/lafermedepierre.fr\/index.php\/wp-json\/wp\/v2\/pages"}],"about":[{"href":"https:\/\/lafermedepierre.fr\/index.php\/wp-json\/wp\/v2\/types\/page"}],"author":[{"embeddable":true,"href":"https:\/\/lafermedepierre.fr\/index.php\/wp-json\/wp\/v2\/users\/2"}],"replies":[{"embeddable":true,"href":"https:\/\/lafermedepierre.fr\/index.php\/wp-json\/wp\/v2\/comments?post=226"}],"version-history":[{"count":2,"href":"https:\/\/lafermedepierre.fr\/index.php\/wp-json\/wp\/v2\/pages\/226\/revisions"}],"predecessor-version":[{"id":233,"href":"https:\/\/lafermedepierre.fr\/index.php\/wp-json\/wp\/v2\/pages\/226\/revisions\/233"}],"wp:attachment":[{"href":"https:\/\/lafermedepierre.fr\/index.php\/wp-json\/wp\/v2\/media?parent=226"}],"curies":[{"name":"wp","href":"https:\/\/api.w.org\/{rel}","templated":true}]}}