{"id":205,"date":"2019-03-11T09:01:34","date_gmt":"2019-03-11T08:01:34","guid":{"rendered":"https:\/\/lafermedepierre.fr\/?page_id=205"},"modified":"2019-03-11T09:21:59","modified_gmt":"2019-03-11T08:21:59","slug":"mentions-legales","status":"publish","type":"page","link":"https:\/\/lafermedepierre.fr\/index.php\/mentions-legales\/","title":{"rendered":"Mentions l\u00e9gales"},"content":{"rendered":"  <div id=\"page-header-1447584622\" class=\"page-header-wrapper\">\n  <div class=\"page-title dark featured-title\">\n\n    \n    <div class=\"page-title-inner container align-center text-center flex-row-col medium-flex-wrap\" >\n              <div class=\"title-wrapper flex-col\">\n          <h1 class=\"entry-title mb-0\">\n            Mentions l\u00e9gales          <\/h1>\n        <\/div>\n                    <div class=\"title-content flex-col\">\n              <\/div>\n    <\/div><!-- flex-row -->\n\n     \n<style scope=\"scope\">\n\n#page-header-1447584622 .title-bg {\n  \n}\n<\/style>\n  <\/div><!-- .page-title -->\n    <\/div><!-- .page-header-wrapper -->\n  \n<div class=\"row\"  id=\"row-536807761\">\n<div class=\"col small-12 large-12\"  ><div class=\"col-inner\"  >\n<div class=\"col-inner\">\n<div id=\"content\" class=\"site-content\">\n<div id=\"post-1509\" class=\"post-1509 page type-page status-publish hentry\">\n<div class=\"entry-content\">\n<h3>\u00c9diteur :<\/h3>\n<p><strong>M. Yves Lennon<br \/>\n<\/strong><\/p>\n<table id=\"rensjur\" class=\"Table identity mt-16\">\n<tbody>\n<tr>\n<td><a>LA FERME DE PIERRE,<br \/>\n10 RUE PASTEUR 29370 ELLIANT<\/a><\/td>\n<\/tr>\n<\/tbody>\n<\/table>\n<p><strong><br \/>\n<\/strong><strong>Siret : 81879878700011<br \/>\n<\/strong><\/p>\n<h3>Graphisme et Contenu :<br \/>\n<strong>Digital Ouest<\/strong><\/h3>\n<p>Pierre-Olivier MOY<br \/>\n116 bis Coat Canton \u2013 29140 Rosporden<br \/>\nT\u00e9l : 07 62 68 05 52<br \/>\nSite web : <a href=\"http:\/\/www.digital-ouest.bzh\/\">www.digital-ouest.bzh<\/a><br \/>\nEmail : <a href=\"https:\/\/fouesnant-auto-import.fr\/mentions-legales\/direction@digital-ouest.bzh\">direction@digital-ouest.bzh<\/a><\/p>\n<h3>Responsable de la publication :<\/h3>\n<table id=\"rensjur\" class=\"Table identity mt-16\">\n<tbody>\n<tr>\n<td><a>M. Yves Lennon<br \/>\nLA FERME DE PIERRE,<br \/>\n10 RUE PASTEUR 29370 ELLIANT<\/a><\/td>\n<\/tr>\n<\/tbody>\n<\/table>\n<p><strong>\u00a0<\/strong><\/p>\n<h3>D\u00e9veloppement de projet et r\u00e9f\u00e9rencement :<br \/>\n<strong>Digital Ouest<\/strong><\/h3>\n<p>Pierre-Olivier MOY<br \/>\n116 bis Coat Canton \u2013 29140 Rosporden<br \/>\nT\u00e9l : 07 62 68 05 52<br \/>\nSite web : <a href=\"http:\/\/www.digital-ouest.bzh\/\">www.digital-ouest.bzh<\/a><br \/>\nEmail : <a href=\"https:\/\/fouesnant-auto-import.fr\/mentions-legales\/direction@digital-ouest.bzh\">direction@digital-ouest.bzh<\/a><\/p>\n<h3>H\u00e9bergement :<br \/>\nOVH<br \/>\nSAS au capital de 10\u00a0069\u00a0020\u00a0\u20ac<\/h3>\n<p>RCS Lille M\u00e9tropole 424 761 419 00045<br \/>\nCode APE 2620Z<br \/>\nN\u00b0 TVA : FR 22 424 761 419<br \/>\nSi\u00e8ge social : 2 rue Kellermann \u2013 59100 Roubaix \u2013 France.<br \/>\nDirecteur de la publication : Octave KLABA<\/p>\n<h3>Informations l\u00e9gales :<\/h3>\n<p><strong>LA FERME DE PIERRE \u2013 PRESTATIONS PARA HOTELIERES<\/strong><\/p>\n<p>LA FERME DE PIERRE offre \u00e0 ses h\u00f4tes des prestations de type \u00ab\u00a0para -hotelier\u00a0\u00bb<\/p>\n<p><strong>R\u00e9ception. Accueil .<\/strong><\/p>\n<p>Une pr\u00e9sence permanente est assur\u00e9e par les propri\u00e9taires sauf cas exceptionnel .<\/p>\n<p>La r\u00e9ception officielle des gites se situe au rez de chauss\u00e9e du b\u00e2timent \u00ab\u00a0Cidrerie\u00a0\u00bb qui , outre le mat\u00e9riel li\u00e9 \u00e0 la fabrication du cidre et le bureau d\u2019accueil, h\u00e9berge un espace , permettant de faire de la cuisine et de se restaurer. A l\u2019\u00e9tage de ce b\u00e2timent une salle de jeux permet de se divertir\u00a0: table de ping pong ,jeux de fl\u00e9chettes, jeux de soci\u00e9t\u00e9\u2026<\/p>\n<p>Ces prestations sont disponibles pour les h\u00f4tes, \u00e0 la demande.<\/p>\n<p>En cas d\u2019absence physique d\u2019un des propri\u00e9taires \u00e0 la r\u00e9ception une pr\u00e9sence t\u00e9l\u00e9phonique permanente est assur\u00e9e avec la garantie d\u2019une r\u00e9action tr\u00e8s rapide\u00a0.<\/p>\n<p><strong>Num\u00e9ros de portables des propri\u00e9taires<\/strong>\u00a0:<\/p>\n<p>Yves Lennon\u00a0: 06 43 22 97 73<\/p>\n<p>Anne Marie Lennon\u00a0: 06 88 75 47 33<\/p>\n<p>Olivier Lennon\u00a0: 06 03 81 61 82<\/p>\n<p><strong>Linge de toilette. Draps<\/strong><\/p>\n<p>Serviettes de toilette et draps de bain sont fournis pour la semaine en d\u00e9but de s\u00e9jour. Ils peuvent \u00eatre chang\u00e9s en cours de s\u00e9jour sur demande du client.<\/p>\n<p>De m\u00eame, le mat\u00e9riel de couchage, draps ,couettes, couvertures sont fournis et peuvent \u00eatre chang\u00e9s dans les m\u00eames conditions.Ces prestations sont incluses dans le prix des chambres.<\/p>\n<p><strong>M\u00e9nage.<\/strong><\/p>\n<p>Un m\u00e9nage complet et soign\u00e9 est assur\u00e9 par la Ferme de Pierre avant le s\u00e9jour.<\/p>\n<p>Une intervention suppl\u00e9mentaire peut \u00eatre r\u00e9alis\u00e9e en cours de s\u00e9jour \u00e0 la demande du client.Cette prestation est incluse dans le prix des chambres.<\/p>\n<p>&nbsp;<\/p>\n<h4>DROITS D\u2019AUTEUR ET COPYRIGHT :<\/h4>\n<p>L\u2019ensemble de ce site rel\u00e8ve de la l\u00e9gislation fran\u00e7aise et internationale sur le droit d\u2019auteur et la propri\u00e9t\u00e9 intellectuelle. Tous droits de reproduction sont r\u00e9serv\u00e9s, y compris pour les documents photographiques.<br \/>\nLa reproduction de tout ou partie de ce site sur un support \u00e9lectronique quel qu\u2019il soit est formellement interdite sauf autorisation \u00e9crite expresse du directeur de la publication.<br \/>\nPour d\u2019autres utilisations, merci de nous consulter.<\/p>\n<h4>INFORMATIQUE ET LIBERT\u00c9 :<\/h4>\n<p>Le droit d\u2019acc\u00e8s, de modification, de rectification et de suppression des donn\u00e9es qui vous concernent (article 34 de la loi 78-17 du 6 janvier 1978 relative \u00e0 l\u2019informatique, aux fichiers et aux libert\u00e9s) s\u2019exerce aupr\u00e8s du Responsable de la publication.<\/p>\n<\/div>\n<\/div>\n<\/div>\n<\/div>\n<\/div><\/div>\n<\/div>\n","protected":false},"excerpt":{"rendered":"","protected":false},"author":2,"featured_media":0,"parent":0,"menu_order":0,"comment_status":"closed","ping_status":"closed","template":"","meta":[],"_links":{"self":[{"href":"https:\/\/lafermedepierre.fr\/index.php\/wp-json\/wp\/v2\/pages\/205"}],"collection":[{"href":"https:\/\/lafermedepierre.fr\/index.php\/wp-json\/wp\/v2\/pages"}],"about":[{"href":"https:\/\/lafermedepierre.fr\/index.php\/wp-json\/wp\/v2\/types\/page"}],"author":[{"embeddable":true,"href":"https:\/\/lafermedepierre.fr\/index.php\/wp-json\/wp\/v2\/users\/2"}],"replies":[{"embeddable":true,"href":"https:\/\/lafermedepierre.fr\/index.php\/wp-json\/wp\/v2\/comments?post=205"}],"version-history":[{"count":4,"href":"https:\/\/lafermedepierre.fr\/index.php\/wp-json\/wp\/v2\/pages\/205\/revisions"}],"predecessor-version":[{"id":212,"href":"https:\/\/lafermedepierre.fr\/index.php\/wp-json\/wp\/v2\/pages\/205\/revisions\/212"}],"wp:attachment":[{"href":"https:\/\/lafermedepierre.fr\/index.php\/wp-json\/wp\/v2\/media?parent=205"}],"curies":[{"name":"wp","href":"https:\/\/api.w.org\/{rel}","templated":true}]}}